{"id":20279,"date":"2020-12-17T16:40:59","date_gmt":"2020-12-17T16:40:59","guid":{"rendered":"https:\/\/new.b-nexe.it\/?page_id=20279"},"modified":"2020-12-17T16:42:39","modified_gmt":"2020-12-17T16:42:39","slug":"le-societa-benefit","status":"publish","type":"page","link":"https:\/\/b-nexe.it\/?page_id=20279","title":{"rendered":"Le Societ\u00e0 Benefit"},"content":{"rendered":"<p>[vc_row css=&#8221;.vc_custom_1608221674022{margin-top: 50px !important;margin-bottom: 50px !important;}&#8221;][vc_column][vc_column_text]<\/p>\n<section class=\"sec-auto d-flex align-items-center pb-0\">\n<div class=\"row m-0 w-100 align-self-center\">\n<div class=\"d-flex flex-column col-12 col-md-10 col-xl-8 align-items-start mx-auto\">\n<h1 class=\"mb-0 clr--BNEXE-RED-txt display-4\"><span style=\"color: #dc1a28;\"><b>Cos&#8217;\u00e8 una societ\u00e0 benefit?<\/b><\/span><\/h1>\n<\/div>\n<\/div>\n<\/section>\n<section class=\"sec-auto\">\n<div class=\"row m-0 w-100\">\n<div class=\"col-12 col-md-10 col-xl-8 mx-auto\">\n<p>&nbsp;<\/p>\n<p class=\"lead mb-5\"><span style=\"font-size: 14pt;\">Le Societ\u00e0 Benefit (SB) rappresentano una evoluzione del concetto stesso di azienda. Mentre le societ\u00e0 tradizionali esistono con l\u2019unico scopo di distribuire dividendi agli azionisti, le societ\u00e0 benefit sono espressione di un paradigma pi\u00f9 evoluto: integrano nel proprio oggetto sociale, oltre agli obiettivi di profitto, lo scopo di avere un impatto positivo sulla societ\u00e0 e sulla biosfera. Una Societ\u00e0 Benefit \u00e8 un nuovo strumento legale che crea una solida base per l\u2019allineamento della missione nel lungo termine e la creazione di valore condiviso. Le societ\u00e0 benefit proteggono la missione in caso di\u00a0aumenti di capitale e cambi di leadership, creano una maggiore flessibilit\u00e0 nel valutare i potenziali di vendita e consentono di mantenere la missione anche in caso di passaggi generazionali o quotazione in borsa. Non si tratta di Imprese Sociali o di una evoluzione del non profit, ma di una trasformazione positiva dei modelli dominanti di impresa a scopo di lucro, per renderli pi\u00f9 adeguati alle sfide e alle opportunit\u00e0 dei mercati del XXI secolo. Dal gennaio 2016 l\u2019Italia ha introdotto, prima in Europa e prima al mondo fuori dagli USA (dove la forma giuridica di Benefit Corporation, equivalente alla Societ\u00e0 Benefit italiana, \u00e8 stata introdotta dal 2010 e ora esiste in 33 Stati), la Societ\u00e0 Benefit per consentire a imprenditori, manager, azionisti e investitori di proteggere la missione dell\u2019azienda e distinguersi sul mercato rispetto a tutte le altre forme societarie attraverso una forma giuridica virtuosa e innovativa.<\/span><\/p>\n<\/div>\n<\/div>\n<\/section>\n<p>[\/vc_column_text][\/vc_column][\/vc_row][vc_row css=&#8221;.vc_custom_1608221674022{margin-top: 50px !important;margin-bottom: 50px !important;}&#8221;][vc_column][vc_column_text]<iframe loading=\"lazy\" src=\"https:\/\/www.youtube.com\/embed\/HABJn2_fY7U\" width=\"900\" height=\"450\" frameborder=\"0\" allowfullscreen=\"allowfullscreen\"><\/iframe>[\/vc_column_text][\/vc_column][\/vc_row][vc_row css=&#8221;.vc_custom_1608221674022{margin-top: 50px !important;margin-bottom: 50px !important;}&#8221;][vc_column][vc_column_text]<\/p>\n<p class=\"lead mb-4\"><span style=\"font-size: 14pt;\"><b>Caratteristiche fondamentali delle Societ\u00e0 Benefit<\/b><\/span><\/p>\n<p class=\"lead mb-4\"><span style=\"font-size: 14pt;\">Le societ\u00e0 benefit, perseguono volontariamente, nell\u2019esercizio dell\u2019attivit\u00e0 d\u2019impresa, oltre allo scopo di lucro anche una o pi\u00f9 finalit\u00e0 di beneficio comune. Per beneficio comune si intende il perseguimento di uno o pi\u00f9 effetti positivi (perseguibili anche riducendo gli effetti negativi) su persone, comunit\u00e0, territori e ambiente, beni ed attivit\u00e0 culturali e sociali, enti e associazioni ed altri portatori di interessi. Le societ\u00e0 benefit perseguono tali finalit\u00e0 di beneficio comune in modo responsabile, sostenibile e trasparente. La gestione delle societ\u00e0 benefit richiede ai manager il bilanciamento tra l\u2019interesse dei soci e l\u2019interesse della collettivit\u00e0. Le societ\u00e0 benefit devono nominare una persona del management che sia responsabile dell\u2019impatto dell\u2019azienda e si impegnano a riportare in maniera trasparente e completa le proprie attivit\u00e0 attraverso una relazione annuale di impatto, che descriva sia le azioni svolte che i piani e gli impegni per il futuro. Al momento attuale le Societ\u00e0 Benefit non godono di incentivi di tipo economico o fiscale, per cui oltre a rappresentare un valore per la societ\u00e0, non causano aggravi per i contribuenti.<\/span><\/p>\n<p class=\"small\"><span style=\"font-size: 14pt;\">(Fonte: B Lab Europe)<\/span><\/p>\n<p>[\/vc_column_text][\/vc_column][\/vc_row]<\/p>\n","protected":false},"excerpt":{"rendered":"<p>[vc_row css=&#8221;.vc_custom_1608221674022{margin-top: 50px !important;margin-bottom: 50px !important;}&#8221;][vc_column][vc_column_text] Cos&#8217;\u00e8 una societ\u00e0 benefit? &nbsp; Le Societ\u00e0 Benefit (SB) rappresentano una evoluzione del concetto stesso di azienda. Mentre le societ\u00e0 tradizionali esistono con l\u2019unico<\/p>\n","protected":false},"author":1,"featured_media":0,"parent":0,"menu_order":0,"comment_status":"closed","ping_status":"closed","template":"","meta":{"footnotes":""},"class_list":["post-20279","page","type-page","status-publish","hentry"],"yoast_head":"<!-- This site is optimized with the Yoast SEO plugin v17.9 - https:\/\/yoast.com\/wordpress\/plugins\/seo\/ -->\n<title>Le Societ\u00e0 Benefit - B-Nexe<\/title>\n<meta name=\"robots\" content=\"index, follow, max-snippet:-1, max-image-preview:large, max-video-preview:-1\" \/>\n<link rel=\"canonical\" href=\"https:\/\/b-nexe.it\/?page_id=20279\" \/>\n<meta property=\"og:locale\" content=\"it_IT\" \/>\n<meta property=\"og:type\" content=\"article\" \/>\n<meta property=\"og:title\" content=\"Le Societ\u00e0 Benefit - B-Nexe\" \/>\n<meta property=\"og:description\" content=\"[vc_row css=&#8221;.vc_custom_1608221674022{margin-top: 50px !important;margin-bottom: 50px !important;}&#8221;][vc_column][vc_column_text] Cos&#8217;\u00e8 una societ\u00e0 benefit? &nbsp; Le Societ\u00e0 Benefit (SB) rappresentano una evoluzione del concetto stesso di azienda. Mentre le societ\u00e0 tradizionali esistono con l\u2019unico\" \/>\n<meta property=\"og:url\" content=\"https:\/\/b-nexe.it\/?page_id=20279\" \/>\n<meta property=\"og:site_name\" content=\"B-Nexe\" \/>\n<meta property=\"article:modified_time\" content=\"2020-12-17T16:42:39+00:00\" \/>\n<meta name=\"twitter:card\" content=\"summary_large_image\" \/>\n<meta name=\"twitter:label1\" content=\"Tempo di lettura stimato\" \/>\n\t<meta name=\"twitter:data1\" content=\"3 minuti\" \/>\n<script type=\"application\/ld+json\" class=\"yoast-schema-graph\">{\"@context\":\"https:\/\/schema.org\",\"@graph\":[{\"@type\":\"WebSite\",\"@id\":\"https:\/\/b-nexe.it\/#website\",\"url\":\"https:\/\/b-nexe.it\/\",\"name\":\"B-Nexe\",\"description\":\"Just another WordPress site\",\"potentialAction\":[{\"@type\":\"SearchAction\",\"target\":{\"@type\":\"EntryPoint\",\"urlTemplate\":\"https:\/\/b-nexe.it\/?s={search_term_string}\"},\"query-input\":\"required name=search_term_string\"}],\"inLanguage\":\"it-IT\"},{\"@type\":\"WebPage\",\"@id\":\"https:\/\/b-nexe.it\/?page_id=20279#webpage\",\"url\":\"https:\/\/b-nexe.it\/?page_id=20279\",\"name\":\"Le Societ\\u00e0 Benefit - B-Nexe\",\"isPartOf\":{\"@id\":\"https:\/\/b-nexe.it\/#website\"},\"datePublished\":\"2020-12-17T16:40:59+00:00\",\"dateModified\":\"2020-12-17T16:42:39+00:00\",\"breadcrumb\":{\"@id\":\"https:\/\/b-nexe.it\/?page_id=20279#breadcrumb\"},\"inLanguage\":\"it-IT\",\"potentialAction\":[{\"@type\":\"ReadAction\",\"target\":[\"https:\/\/b-nexe.it\/?page_id=20279\"]}]},{\"@type\":\"BreadcrumbList\",\"@id\":\"https:\/\/b-nexe.it\/?page_id=20279#breadcrumb\",\"itemListElement\":[{\"@type\":\"ListItem\",\"position\":1,\"name\":\"Home\",\"item\":\"https:\/\/b-nexe.it\/\"},{\"@type\":\"ListItem\",\"position\":2,\"name\":\"Le Societ\\u00e0 Benefit\"}]}]}<\/script>\n<!-- \/ Yoast SEO plugin. -->","yoast_head_json":{"title":"Le Societ\u00e0 Benefit - B-Nexe","robots":{"index":"index","follow":"follow","max-snippet":"max-snippet:-1","max-image-preview":"max-image-preview:large","max-video-preview":"max-video-preview:-1"},"canonical":"https:\/\/b-nexe.it\/?page_id=20279","og_locale":"it_IT","og_type":"article","og_title":"Le Societ\u00e0 Benefit - B-Nexe","og_description":"[vc_row css=&#8221;.vc_custom_1608221674022{margin-top: 50px !important;margin-bottom: 50px !important;}&#8221;][vc_column][vc_column_text] Cos&#8217;\u00e8 una societ\u00e0 benefit? &nbsp; Le Societ\u00e0 Benefit (SB) rappresentano una evoluzione del concetto stesso di azienda. Mentre le societ\u00e0 tradizionali esistono con l\u2019unico","og_url":"https:\/\/b-nexe.it\/?page_id=20279","og_site_name":"B-Nexe","article_modified_time":"2020-12-17T16:42:39+00:00","twitter_card":"summary_large_image","twitter_misc":{"Tempo di lettura stimato":"3 minuti"},"schema":{"@context":"https:\/\/schema.org","@graph":[{"@type":"WebSite","@id":"https:\/\/b-nexe.it\/#website","url":"https:\/\/b-nexe.it\/","name":"B-Nexe","description":"Just another WordPress site","potentialAction":[{"@type":"SearchAction","target":{"@type":"EntryPoint","urlTemplate":"https:\/\/b-nexe.it\/?s={search_term_string}"},"query-input":"required name=search_term_string"}],"inLanguage":"it-IT"},{"@type":"WebPage","@id":"https:\/\/b-nexe.it\/?page_id=20279#webpage","url":"https:\/\/b-nexe.it\/?page_id=20279","name":"Le Societ\u00e0 Benefit - B-Nexe","isPartOf":{"@id":"https:\/\/b-nexe.it\/#website"},"datePublished":"2020-12-17T16:40:59+00:00","dateModified":"2020-12-17T16:42:39+00:00","breadcrumb":{"@id":"https:\/\/b-nexe.it\/?page_id=20279#breadcrumb"},"inLanguage":"it-IT","potentialAction":[{"@type":"ReadAction","target":["https:\/\/b-nexe.it\/?page_id=20279"]}]},{"@type":"BreadcrumbList","@id":"https:\/\/b-nexe.it\/?page_id=20279#breadcrumb","itemListElement":[{"@type":"ListItem","position":1,"name":"Home","item":"https:\/\/b-nexe.it\/"},{"@type":"ListItem","position":2,"name":"Le Societ\u00e0 Benefit"}]}]}},"_links":{"self":[{"href":"https:\/\/b-nexe.it\/index.php?rest_route=\/wp\/v2\/pages\/20279","targetHints":{"allow":["GET"]}}],"collection":[{"href":"https:\/\/b-nexe.it\/index.php?rest_route=\/wp\/v2\/pages"}],"about":[{"href":"https:\/\/b-nexe.it\/index.php?rest_route=\/wp\/v2\/types\/page"}],"author":[{"embeddable":true,"href":"https:\/\/b-nexe.it\/index.php?rest_route=\/wp\/v2\/users\/1"}],"replies":[{"embeddable":true,"href":"https:\/\/b-nexe.it\/index.php?rest_route=%2Fwp%2Fv2%2Fcomments&post=20279"}],"version-history":[{"count":4,"href":"https:\/\/b-nexe.it\/index.php?rest_route=\/wp\/v2\/pages\/20279\/revisions"}],"predecessor-version":[{"id":20282,"href":"https:\/\/b-nexe.it\/index.php?rest_route=\/wp\/v2\/pages\/20279\/revisions\/20282"}],"wp:attachment":[{"href":"https:\/\/b-nexe.it\/index.php?rest_route=%2Fwp%2Fv2%2Fmedia&parent=20279"}],"curies":[{"name":"wp","href":"https:\/\/api.w.org\/{rel}","templated":true}]}}